{"id":65041,"date":"2023-09-04T20:52:14","date_gmt":"2023-09-04T18:52:14","guid":{"rendered":"https:\/\/orthodoxalbania.org\/2020\/?page_id=65041"},"modified":"2023-09-06T19:57:04","modified_gmt":"2023-09-06T17:57:04","slug":"department-of-theology-and-culture","status":"publish","type":"page","link":"https:\/\/orthodoxalbania.org\/2020\/en\/department-of-theology-and-culture\/","title":{"rendered":"Department of Theology and Culture."},"content":{"rendered":"<div class=\"fusion-fullwidth fullwidth-box fusion-builder-row-1 fusion-flex-container has-pattern-background has-mask-background nonhundred-percent-fullwidth non-hundred-percent-height-scrolling\" style=\"--awb-border-radius-top-left:0px;--awb-border-radius-top-right:0px;--awb-border-radius-bottom-right:0px;--awb-border-radius-bottom-left:0px;--awb-flex-wrap:wrap;\" ><div class=\"fusion-builder-row fusion-row fusion-flex-align-items-flex-start fusion-flex-content-wrap\" style=\"max-width:1216.8px;margin-left: calc(-4% \/ 2 );margin-right: calc(-4% \/ 2 );\"><div class=\"fusion-layout-column fusion_builder_column fusion-builder-column-0 fusion_builder_column_3_4 3_4 fusion-flex-column\" style=\"--awb-bg-size:cover;--awb-width-large:75%;--awb-margin-top-large:0px;--awb-spacing-right-large:2.56%;--awb-margin-bottom-large:20px;--awb-spacing-left-large:2.56%;--awb-width-medium:100%;--awb-order-medium:0;--awb-spacing-right-medium:1.92%;--awb-spacing-left-medium:1.92%;--awb-width-small:100%;--awb-order-small:0;--awb-spacing-right-small:1.92%;--awb-spacing-left-small:1.92%;\"><div class=\"fusion-column-wrapper fusion-column-has-shadow fusion-flex-justify-content-flex-start fusion-content-layout-column\"><div class=\"fusion-text fusion-text-1\"><h2><span class=\"ez-toc-section\" id=\"An_Overview\"><\/span><strong>An Overview<\/strong><span class=\"ez-toc-section-end\"><\/span><\/h2>\n<h3><span class=\"ez-toc-section\" id=\"About_the_Department\"><\/span><strong>About the Department<\/strong><span class=\"ez-toc-section-end\"><\/span><\/h3>\n<p>The Department of Theology and Culture is part of the Faculty of Humanities at the &#8220;Logos&#8221; University College. This department, which officially started in the academic year 2018-19, offers Bachelor and Master&#8217;s level programs that are unique in higher education in Albania. For more information, visit our official page.<\/p>\n<h3><span class=\"ez-toc-section\" id=\"Blog_and_Bulletin\"><\/span><strong>Blog and Bulletin<\/strong><span class=\"ez-toc-section-end\"><\/span><\/h3>\n<p>If you are interested in religious tourism and pilgrimages in Albania, we invite you to follow our blog here. Additionally, the department publishes a monthly bulletin featuring the latest news and events, which can be found here.<\/p>\n<h3><span class=\"ez-toc-section\" id=\"Publications_and_Research\"><\/span><strong>Publications and Research<\/strong><span class=\"ez-toc-section-end\"><\/span><\/h3>\n<p>The department is committed to the publication of scientific articles and book sections in various academic profiles such as Academia and ResearchGate.<\/p>\n<h3><span class=\"ez-toc-section\" id=\"Academic_Programs_and_Mission\"><\/span><strong>Academic Programs and Mission<\/strong><span class=\"ez-toc-section-end\"><\/span><\/h3>\n<p>The department&#8217;s programs offer rich instruction in the fields of theology, humanities, and culture.<\/p>\n<\/div><div class=\"accordian fusion-accordian\" style=\"--awb-border-size:1px;--awb-icon-size:16px;--awb-content-font-size:15px;--awb-icon-alignment:left;--awb-hover-color:#F5F4F3;--awb-border-color:#E8E6E5;--awb-background-color:#ffffff;--awb-divider-color:#E8E6E5;--awb-divider-hover-color:#D08856;--awb-icon-color:#b58d00;--awb-title-color:#b58d00;--awb-content-color:#3a504e;--awb-icon-box-color:var(--awb-color1);--awb-toggle-hover-accent-color:#AA210F;--awb-title-font-family:&quot;Playfair Display&quot;;--awb-title-font-weight:400;--awb-title-font-style:normal;--awb-title-font-size:17px;--awb-title-line-height:1.4;--awb-content-font-family:&quot;Playfair Display&quot;;--awb-content-font-style:normal;--awb-content-font-weight:400;\"><div class=\"panel-group fusion-toggle-icon-boxed\" id=\"accordion-65041-1\"><div class=\"fusion-panel panel-default panel-937f2e9aed88f12fa fusion-toggle-has-divider\" style=\"--awb-title-color:#b58d00;--awb-content-color:#3a504e;\"><div class=\"panel-heading\"><h5 class=\"panel-title toggle\" id=\"toggle_937f2e9aed88f12fa\"><a aria-expanded=\"false\" aria-controls=\"937f2e9aed88f12fa\" role=\"button\" data-toggle=\"collapse\" data-target=\"#937f2e9aed88f12fa\" href=\"#937f2e9aed88f12fa\"><span class=\"fusion-toggle-icon-wrapper\" aria-hidden=\"true\"><i class=\"fa-fusion-box active-icon awb-icon-minus\" aria-hidden=\"true\"><\/i><i class=\"fa-fusion-box inactive-icon fa-book-reader fas\" aria-hidden=\"true\"><\/i><\/span><span class=\"fusion-toggle-heading\">Bachelor Program in Theology and Religious Studies<\/span><\/a><\/h5><\/div><div id=\"937f2e9aed88f12fa\" class=\"panel-collapse collapse \" aria-labelledby=\"toggle_937f2e9aed88f12fa\"><div class=\"panel-body toggle-content fusion-clearfix\">\n<p><img decoding=\"async\" class=\"lazyload alignnone size-medium wp-image-65045\" src=\"https:\/\/orthodoxalbania.org\/2020\/wp-content\/uploads\/2023\/09\/bachelor-1-300x300.png\" data-orig-src=\"https:\/\/orthodoxalbania.org\/2020\/wp-content\/uploads\/2023\/09\/bachelor-1-300x300.png\" alt=\"\" width=\"300\" height=\"300\" srcset=\"data:image\/svg+xml,%3Csvg%20xmlns%3D%27http%3A%2F%2Fwww.w3.org%2F2000%2Fsvg%27%20width%3D%27300%27%20height%3D%27300%27%20viewBox%3D%270%200%20300%20300%27%3E%3Crect%20width%3D%27300%27%20height%3D%27300%27%20fill-opacity%3D%220%22%2F%3E%3C%2Fsvg%3E\" data-srcset=\"https:\/\/orthodoxalbania.org\/2020\/wp-content\/uploads\/2023\/09\/bachelor-1-60x60.png 60w, https:\/\/orthodoxalbania.org\/2020\/wp-content\/uploads\/2023\/09\/bachelor-1-66x66.png 66w, https:\/\/orthodoxalbania.org\/2020\/wp-content\/uploads\/2023\/09\/bachelor-1-150x150.png 150w, https:\/\/orthodoxalbania.org\/2020\/wp-content\/uploads\/2023\/09\/bachelor-1-200x200.png 200w, https:\/\/orthodoxalbania.org\/2020\/wp-content\/uploads\/2023\/09\/bachelor-1-300x300.png 300w, https:\/\/orthodoxalbania.org\/2020\/wp-content\/uploads\/2023\/09\/bachelor-1-400x400.png 400w, https:\/\/orthodoxalbania.org\/2020\/wp-content\/uploads\/2023\/09\/bachelor-1-600x600.png 600w, https:\/\/orthodoxalbania.org\/2020\/wp-content\/uploads\/2023\/09\/bachelor-1-768x768.png 768w, https:\/\/orthodoxalbania.org\/2020\/wp-content\/uploads\/2023\/09\/bachelor-1-800x800.png 800w, https:\/\/orthodoxalbania.org\/2020\/wp-content\/uploads\/2023\/09\/bachelor-1-1024x1024.png 1024w, https:\/\/orthodoxalbania.org\/2020\/wp-content\/uploads\/2023\/09\/bachelor-1.png 1080w\" data-sizes=\"auto\" data-orig-sizes=\"(max-width: 300px) 100vw, 300px\" \/><\/p>\n<p><em>Click the poster for more.<\/em><\/p>\n<\/div><\/div><\/div><div class=\"fusion-panel panel-default panel-8a77687c11ea9c93a fusion-toggle-has-divider\" style=\"--awb-title-color:#b58d00;--awb-content-color:#3a504e;\"><div class=\"panel-heading\"><h5 class=\"panel-title toggle\" id=\"toggle_8a77687c11ea9c93a\"><a aria-expanded=\"false\" aria-controls=\"8a77687c11ea9c93a\" role=\"button\" data-toggle=\"collapse\" data-target=\"#8a77687c11ea9c93a\" href=\"#8a77687c11ea9c93a\"><span class=\"fusion-toggle-icon-wrapper\" aria-hidden=\"true\"><i class=\"fa-fusion-box active-icon awb-icon-minus\" aria-hidden=\"true\"><\/i><i class=\"fa-fusion-box inactive-icon fa-book-reader fas\" aria-hidden=\"true\"><\/i><\/span><span class=\"fusion-toggle-heading\">Master of Science in Religious Tourism<\/span><\/a><\/h5><\/div><div id=\"8a77687c11ea9c93a\" class=\"panel-collapse collapse \" aria-labelledby=\"toggle_8a77687c11ea9c93a\"><div class=\"panel-body toggle-content fusion-clearfix\">\n<p><img decoding=\"async\" class=\"lazyload alignnone size-medium wp-image-65047\" src=\"https:\/\/orthodoxalbania.org\/2020\/wp-content\/uploads\/2023\/09\/master-1-300x300.png\" data-orig-src=\"https:\/\/orthodoxalbania.org\/2020\/wp-content\/uploads\/2023\/09\/master-1-300x300.png\" alt=\"\" width=\"300\" height=\"300\" srcset=\"data:image\/svg+xml,%3Csvg%20xmlns%3D%27http%3A%2F%2Fwww.w3.org%2F2000%2Fsvg%27%20width%3D%27300%27%20height%3D%27300%27%20viewBox%3D%270%200%20300%20300%27%3E%3Crect%20width%3D%27300%27%20height%3D%27300%27%20fill-opacity%3D%220%22%2F%3E%3C%2Fsvg%3E\" data-srcset=\"https:\/\/orthodoxalbania.org\/2020\/wp-content\/uploads\/2023\/09\/master-1-60x60.png 60w, https:\/\/orthodoxalbania.org\/2020\/wp-content\/uploads\/2023\/09\/master-1-66x66.png 66w, https:\/\/orthodoxalbania.org\/2020\/wp-content\/uploads\/2023\/09\/master-1-150x150.png 150w, https:\/\/orthodoxalbania.org\/2020\/wp-content\/uploads\/2023\/09\/master-1-200x200.png 200w, https:\/\/orthodoxalbania.org\/2020\/wp-content\/uploads\/2023\/09\/master-1-300x300.png 300w, https:\/\/orthodoxalbania.org\/2020\/wp-content\/uploads\/2023\/09\/master-1-400x400.png 400w, https:\/\/orthodoxalbania.org\/2020\/wp-content\/uploads\/2023\/09\/master-1-600x600.png 600w, https:\/\/orthodoxalbania.org\/2020\/wp-content\/uploads\/2023\/09\/master-1-768x768.png 768w, https:\/\/orthodoxalbania.org\/2020\/wp-content\/uploads\/2023\/09\/master-1-800x800.png 800w, https:\/\/orthodoxalbania.org\/2020\/wp-content\/uploads\/2023\/09\/master-1-1024x1024.png 1024w, https:\/\/orthodoxalbania.org\/2020\/wp-content\/uploads\/2023\/09\/master-1.png 1080w\" data-sizes=\"auto\" data-orig-sizes=\"(max-width: 300px) 100vw, 300px\" \/><\/p>\n<p><em>Click the poster for more.<\/em><\/p>\n<\/div><\/div><\/div><div class=\"fusion-panel panel-default panel-5ccd05156556de7b4 fusion-toggle-has-divider\" style=\"--awb-title-color:#b58d00;--awb-content-color:#3a504e;\"><div class=\"panel-heading\"><h5 class=\"panel-title toggle\" id=\"toggle_5ccd05156556de7b4\"><a aria-expanded=\"false\" aria-controls=\"5ccd05156556de7b4\" role=\"button\" data-toggle=\"collapse\" data-target=\"#5ccd05156556de7b4\" href=\"#5ccd05156556de7b4\"><span class=\"fusion-toggle-icon-wrapper\" aria-hidden=\"true\"><i class=\"fa-fusion-box active-icon awb-icon-minus\" aria-hidden=\"true\"><\/i><i class=\"fa-fusion-box inactive-icon fa-book-reader fas\" aria-hidden=\"true\"><\/i><\/span><span class=\"fusion-toggle-heading\">Professional Master in Social and Practical Theology<\/span><\/a><\/h5><\/div><div id=\"5ccd05156556de7b4\" class=\"panel-collapse collapse \" aria-labelledby=\"toggle_5ccd05156556de7b4\"><div class=\"panel-body toggle-content fusion-clearfix\">\n<p><img decoding=\"async\" class=\"lazyload alignnone size-medium wp-image-65047\" src=\"https:\/\/orthodoxalbania.org\/2020\/wp-content\/uploads\/2023\/09\/master-1-300x300.png\" data-orig-src=\"https:\/\/orthodoxalbania.org\/2020\/wp-content\/uploads\/2023\/09\/master-1-300x300.png\" alt=\"\" width=\"300\" height=\"300\" srcset=\"data:image\/svg+xml,%3Csvg%20xmlns%3D%27http%3A%2F%2Fwww.w3.org%2F2000%2Fsvg%27%20width%3D%27300%27%20height%3D%27300%27%20viewBox%3D%270%200%20300%20300%27%3E%3Crect%20width%3D%27300%27%20height%3D%27300%27%20fill-opacity%3D%220%22%2F%3E%3C%2Fsvg%3E\" data-srcset=\"https:\/\/orthodoxalbania.org\/2020\/wp-content\/uploads\/2023\/09\/master-1-60x60.png 60w, https:\/\/orthodoxalbania.org\/2020\/wp-content\/uploads\/2023\/09\/master-1-66x66.png 66w, https:\/\/orthodoxalbania.org\/2020\/wp-content\/uploads\/2023\/09\/master-1-150x150.png 150w, https:\/\/orthodoxalbania.org\/2020\/wp-content\/uploads\/2023\/09\/master-1-200x200.png 200w, https:\/\/orthodoxalbania.org\/2020\/wp-content\/uploads\/2023\/09\/master-1-300x300.png 300w, https:\/\/orthodoxalbania.org\/2020\/wp-content\/uploads\/2023\/09\/master-1-400x400.png 400w, https:\/\/orthodoxalbania.org\/2020\/wp-content\/uploads\/2023\/09\/master-1-600x600.png 600w, https:\/\/orthodoxalbania.org\/2020\/wp-content\/uploads\/2023\/09\/master-1-768x768.png 768w, https:\/\/orthodoxalbania.org\/2020\/wp-content\/uploads\/2023\/09\/master-1-800x800.png 800w, https:\/\/orthodoxalbania.org\/2020\/wp-content\/uploads\/2023\/09\/master-1-1024x1024.png 1024w, https:\/\/orthodoxalbania.org\/2020\/wp-content\/uploads\/2023\/09\/master-1.png 1080w\" data-sizes=\"auto\" data-orig-sizes=\"(max-width: 300px) 100vw, 300px\" \/><\/p>\n<p><em>Click the poster for more.<\/em><\/p>\n<\/div><\/div><\/div><\/div><\/div><div class=\"fusion-text fusion-text-2\"><p>The focus of the department is on the development of Christian education in Albania, the promotion of the country&#8217;s cultural and religious heritage, as well as fostering academic research.<\/p>\n<h3><span class=\"ez-toc-section\" id=\"Collaborations_and_Prospects\"><\/span><strong>Collaborations and Prospects<\/strong><span class=\"ez-toc-section-end\"><\/span><\/h3>\n<p>The department has started working with international partners through the Erasmus+ program and aims to assist students in their academic and professional development.<\/p>\n<\/div><\/div><\/div><div class=\"fusion-layout-column fusion_builder_column fusion-builder-column-1 fusion_builder_column_1_4 1_4 fusion-flex-column\" style=\"--awb-bg-size:cover;--awb-width-large:25%;--awb-margin-top-large:0px;--awb-spacing-right-large:7.68%;--awb-margin-bottom-large:20px;--awb-spacing-left-large:7.68%;--awb-width-medium:100%;--awb-order-medium:0;--awb-spacing-right-medium:1.92%;--awb-spacing-left-medium:1.92%;--awb-width-small:100%;--awb-order-small:0;--awb-spacing-right-small:1.92%;--awb-spacing-left-small:1.92%;\"><div class=\"fusion-column-wrapper fusion-column-has-shadow fusion-flex-justify-content-flex-start fusion-content-layout-column\"><\/div><\/div><\/div><\/div>\n","protected":false},"excerpt":{"rendered":"","protected":false},"author":7,"featured_media":0,"parent":0,"menu_order":0,"comment_status":"closed","ping_status":"closed","template":"","meta":{"_acf_changed":false,"pagelayer_contact_templates":[],"_pagelayer_content":"","inline_featured_image":false,"footnotes":""},"class_list":["post-65041","page","type-page","status-publish","hentry"],"acf":[],"yoast_head":"<!-- This site is optimized with the Yoast SEO plugin v27.2 - https:\/\/yoast.com\/product\/yoast-seo-wordpress\/ -->\n<title>Department of Theology and Culture. - Kisha Orthodh\u03bfkse Autoqefale e Shqip\u00ebris\u00eb<\/title>\n<meta name=\"robots\" content=\"index, follow, max-snippet:-1, max-image-preview:large, max-video-preview:-1\" \/>\n<link rel=\"canonical\" href=\"https:\/\/orthodoxalbania.org\/2020\/en\/department-of-theology-and-culture\/\" \/>\n<meta property=\"og:locale\" content=\"en_US\" \/>\n<meta property=\"og:type\" content=\"article\" \/>\n<meta property=\"og:title\" content=\"Department of Theology and Culture. - Kisha Orthodh\u03bfkse Autoqefale e Shqip\u00ebris\u00eb\" \/>\n<meta property=\"og:url\" content=\"https:\/\/orthodoxalbania.org\/2020\/en\/department-of-theology-and-culture\/\" \/>\n<meta property=\"og:site_name\" content=\"Kisha Orthodh\u03bfkse Autoqefale e Shqip\u00ebris\u00eb\" \/>\n<meta property=\"article:publisher\" content=\"https:\/\/www.facebook.com\/koash1991\" \/>\n<meta property=\"article:modified_time\" content=\"2023-09-06T17:57:04+00:00\" \/>\n<meta property=\"og:image\" content=\"https:\/\/orthodoxalbania.org\/2020\/wp-content\/uploads\/2023\/09\/bachelor-1-300x300.png\" \/>\n<meta name=\"twitter:card\" content=\"summary_large_image\" \/>\n<meta name=\"twitter:label1\" content=\"Est. reading time\" \/>\n\t<meta name=\"twitter:data1\" content=\"4 minutes\" \/>\n<script type=\"application\/ld+json\" class=\"yoast-schema-graph\">{\"@context\":\"https:\/\/schema.org\",\"@graph\":[{\"@type\":\"WebPage\",\"@id\":\"https:\/\/orthodoxalbania.org\/2020\/en\/department-of-theology-and-culture\/\",\"url\":\"https:\/\/orthodoxalbania.org\/2020\/en\/department-of-theology-and-culture\/\",\"name\":\"Department of Theology and Culture. - Kisha Orthodh\u03bfkse Autoqefale e Shqip\u00ebris\u00eb\",\"isPartOf\":{\"@id\":\"https:\/\/orthodoxalbania.org\/2020\/#website\"},\"primaryImageOfPage\":{\"@id\":\"https:\/\/orthodoxalbania.org\/2020\/en\/department-of-theology-and-culture\/#primaryimage\"},\"image\":{\"@id\":\"https:\/\/orthodoxalbania.org\/2020\/en\/department-of-theology-and-culture\/#primaryimage\"},\"thumbnailUrl\":\"https:\/\/orthodoxalbania.org\/2020\/wp-content\/uploads\/2023\/09\/bachelor-1-300x300.png\",\"datePublished\":\"2023-09-04T18:52:14+00:00\",\"dateModified\":\"2023-09-06T17:57:04+00:00\",\"breadcrumb\":{\"@id\":\"https:\/\/orthodoxalbania.org\/2020\/en\/department-of-theology-and-culture\/#breadcrumb\"},\"inLanguage\":\"en-US\",\"potentialAction\":[{\"@type\":\"ReadAction\",\"target\":[\"https:\/\/orthodoxalbania.org\/2020\/en\/department-of-theology-and-culture\/\"]}]},{\"@type\":\"ImageObject\",\"inLanguage\":\"en-US\",\"@id\":\"https:\/\/orthodoxalbania.org\/2020\/en\/department-of-theology-and-culture\/#primaryimage\",\"url\":\"https:\/\/orthodoxalbania.org\/2020\/wp-content\/uploads\/2023\/09\/bachelor-1.png\",\"contentUrl\":\"https:\/\/orthodoxalbania.org\/2020\/wp-content\/uploads\/2023\/09\/bachelor-1.png\",\"width\":1080,\"height\":1080},{\"@type\":\"BreadcrumbList\",\"@id\":\"https:\/\/orthodoxalbania.org\/2020\/en\/department-of-theology-and-culture\/#breadcrumb\",\"itemListElement\":[{\"@type\":\"ListItem\",\"position\":1,\"name\":\"Home\",\"item\":\"https:\/\/orthodoxalbania.org\/2020\/\"},{\"@type\":\"ListItem\",\"position\":2,\"name\":\"Department of Theology and Culture.\"}]},{\"@type\":\"WebSite\",\"@id\":\"https:\/\/orthodoxalbania.org\/2020\/#website\",\"url\":\"https:\/\/orthodoxalbania.org\/2020\/\",\"name\":\"Kisha Orthodh\u03bfkse Autoqefale e Shqip\u00ebris\u00eb\",\"description\":\"Fqja Zyrtare e Kish\u00ebs Orthodhokse Autoqefale e Shqip\u00ebris\u00eb me lajmet edhe informacionet zyrtare p\u00ebr struktur\u00ebn edhe veprimtarin e saj.\",\"publisher\":{\"@id\":\"https:\/\/orthodoxalbania.org\/2020\/#organization\"},\"potentialAction\":[{\"@type\":\"SearchAction\",\"target\":{\"@type\":\"EntryPoint\",\"urlTemplate\":\"https:\/\/orthodoxalbania.org\/2020\/?s={search_term_string}\"},\"query-input\":{\"@type\":\"PropertyValueSpecification\",\"valueRequired\":true,\"valueName\":\"search_term_string\"}}],\"inLanguage\":\"en-US\"},{\"@type\":\"Organization\",\"@id\":\"https:\/\/orthodoxalbania.org\/2020\/#organization\",\"name\":\"Kisha Orthodhokse Autoqefale e Shqip\u00ebris\u00eb\",\"url\":\"https:\/\/orthodoxalbania.org\/2020\/\",\"logo\":{\"@type\":\"ImageObject\",\"inLanguage\":\"en-US\",\"@id\":\"https:\/\/orthodoxalbania.org\/2020\/#\/schema\/logo\/image\/\",\"url\":\"https:\/\/orthodoxalbania.org\/2020\/wp-content\/uploads\/2020\/05\/albania.jpeg\",\"contentUrl\":\"https:\/\/orthodoxalbania.org\/2020\/wp-content\/uploads\/2020\/05\/albania.jpeg\",\"width\":540,\"height\":540,\"caption\":\"Kisha Orthodhokse Autoqefale e Shqip\u00ebris\u00eb\"},\"image\":{\"@id\":\"https:\/\/orthodoxalbania.org\/2020\/#\/schema\/logo\/image\/\"},\"sameAs\":[\"https:\/\/www.facebook.com\/koash1991\"]}]}<\/script>\n<!-- \/ Yoast SEO plugin. -->","yoast_head_json":{"title":"Department of Theology and Culture. - Kisha Orthodh\u03bfkse Autoqefale e Shqip\u00ebris\u00eb","robots":{"index":"index","follow":"follow","max-snippet":"max-snippet:-1","max-image-preview":"max-image-preview:large","max-video-preview":"max-video-preview:-1"},"canonical":"https:\/\/orthodoxalbania.org\/2020\/en\/department-of-theology-and-culture\/","og_locale":"en_US","og_type":"article","og_title":"Department of Theology and Culture. - Kisha Orthodh\u03bfkse Autoqefale e Shqip\u00ebris\u00eb","og_url":"https:\/\/orthodoxalbania.org\/2020\/en\/department-of-theology-and-culture\/","og_site_name":"Kisha Orthodh\u03bfkse Autoqefale e Shqip\u00ebris\u00eb","article_publisher":"https:\/\/www.facebook.com\/koash1991","article_modified_time":"2023-09-06T17:57:04+00:00","og_image":[{"url":"https:\/\/orthodoxalbania.org\/2020\/wp-content\/uploads\/2023\/09\/bachelor-1-300x300.png","type":"","width":"","height":""}],"twitter_card":"summary_large_image","twitter_misc":{"Est. reading time":"4 minutes"},"schema":{"@context":"https:\/\/schema.org","@graph":[{"@type":"WebPage","@id":"https:\/\/orthodoxalbania.org\/2020\/en\/department-of-theology-and-culture\/","url":"https:\/\/orthodoxalbania.org\/2020\/en\/department-of-theology-and-culture\/","name":"Department of Theology and Culture. - Kisha Orthodh\u03bfkse Autoqefale e Shqip\u00ebris\u00eb","isPartOf":{"@id":"https:\/\/orthodoxalbania.org\/2020\/#website"},"primaryImageOfPage":{"@id":"https:\/\/orthodoxalbania.org\/2020\/en\/department-of-theology-and-culture\/#primaryimage"},"image":{"@id":"https:\/\/orthodoxalbania.org\/2020\/en\/department-of-theology-and-culture\/#primaryimage"},"thumbnailUrl":"https:\/\/orthodoxalbania.org\/2020\/wp-content\/uploads\/2023\/09\/bachelor-1-300x300.png","datePublished":"2023-09-04T18:52:14+00:00","dateModified":"2023-09-06T17:57:04+00:00","breadcrumb":{"@id":"https:\/\/orthodoxalbania.org\/2020\/en\/department-of-theology-and-culture\/#breadcrumb"},"inLanguage":"en-US","potentialAction":[{"@type":"ReadAction","target":["https:\/\/orthodoxalbania.org\/2020\/en\/department-of-theology-and-culture\/"]}]},{"@type":"ImageObject","inLanguage":"en-US","@id":"https:\/\/orthodoxalbania.org\/2020\/en\/department-of-theology-and-culture\/#primaryimage","url":"https:\/\/orthodoxalbania.org\/2020\/wp-content\/uploads\/2023\/09\/bachelor-1.png","contentUrl":"https:\/\/orthodoxalbania.org\/2020\/wp-content\/uploads\/2023\/09\/bachelor-1.png","width":1080,"height":1080},{"@type":"BreadcrumbList","@id":"https:\/\/orthodoxalbania.org\/2020\/en\/department-of-theology-and-culture\/#breadcrumb","itemListElement":[{"@type":"ListItem","position":1,"name":"Home","item":"https:\/\/orthodoxalbania.org\/2020\/"},{"@type":"ListItem","position":2,"name":"Department of Theology and Culture."}]},{"@type":"WebSite","@id":"https:\/\/orthodoxalbania.org\/2020\/#website","url":"https:\/\/orthodoxalbania.org\/2020\/","name":"Kisha Orthodh\u03bfkse Autoqefale e Shqip\u00ebris\u00eb","description":"Fqja Zyrtare e Kish\u00ebs Orthodhokse Autoqefale e Shqip\u00ebris\u00eb me lajmet edhe informacionet zyrtare p\u00ebr struktur\u00ebn edhe veprimtarin e saj.","publisher":{"@id":"https:\/\/orthodoxalbania.org\/2020\/#organization"},"potentialAction":[{"@type":"SearchAction","target":{"@type":"EntryPoint","urlTemplate":"https:\/\/orthodoxalbania.org\/2020\/?s={search_term_string}"},"query-input":{"@type":"PropertyValueSpecification","valueRequired":true,"valueName":"search_term_string"}}],"inLanguage":"en-US"},{"@type":"Organization","@id":"https:\/\/orthodoxalbania.org\/2020\/#organization","name":"Kisha Orthodhokse Autoqefale e Shqip\u00ebris\u00eb","url":"https:\/\/orthodoxalbania.org\/2020\/","logo":{"@type":"ImageObject","inLanguage":"en-US","@id":"https:\/\/orthodoxalbania.org\/2020\/#\/schema\/logo\/image\/","url":"https:\/\/orthodoxalbania.org\/2020\/wp-content\/uploads\/2020\/05\/albania.jpeg","contentUrl":"https:\/\/orthodoxalbania.org\/2020\/wp-content\/uploads\/2020\/05\/albania.jpeg","width":540,"height":540,"caption":"Kisha Orthodhokse Autoqefale e Shqip\u00ebris\u00eb"},"image":{"@id":"https:\/\/orthodoxalbania.org\/2020\/#\/schema\/logo\/image\/"},"sameAs":["https:\/\/www.facebook.com\/koash1991"]}]}},"_links":{"self":[{"href":"https:\/\/orthodoxalbania.org\/2020\/wp-json\/wp\/v2\/pages\/65041","targetHints":{"allow":["GET"]}}],"collection":[{"href":"https:\/\/orthodoxalbania.org\/2020\/wp-json\/wp\/v2\/pages"}],"about":[{"href":"https:\/\/orthodoxalbania.org\/2020\/wp-json\/wp\/v2\/types\/page"}],"author":[{"embeddable":true,"href":"https:\/\/orthodoxalbania.org\/2020\/wp-json\/wp\/v2\/users\/7"}],"replies":[{"embeddable":true,"href":"https:\/\/orthodoxalbania.org\/2020\/wp-json\/wp\/v2\/comments?post=65041"}],"version-history":[{"count":4,"href":"https:\/\/orthodoxalbania.org\/2020\/wp-json\/wp\/v2\/pages\/65041\/revisions"}],"predecessor-version":[{"id":65049,"href":"https:\/\/orthodoxalbania.org\/2020\/wp-json\/wp\/v2\/pages\/65041\/revisions\/65049"}],"wp:attachment":[{"href":"https:\/\/orthodoxalbania.org\/2020\/wp-json\/wp\/v2\/media?parent=65041"}],"curies":[{"name":"wp","href":"https:\/\/api.w.org\/{rel}","templated":true}]}}