{"id":56798,"date":"2020-04-04T20:57:48","date_gmt":"2020-04-04T20:57:48","guid":{"rendered":"https:\/\/orthodoxalbania.org\/2020\/?page_id=56798"},"modified":"2021-11-15T14:12:23","modified_gmt":"2021-11-15T13:12:23","slug":"%cf%80%ce%bf%ce%b9%ce%bc%ce%b1%ce%bd%cf%84%ce%b9%ce%ba%ce%ae-%cf%86%cf%81%ce%bf%ce%bd%cf%84%ce%af%ce%b4%ce%b1","status":"publish","type":"page","link":"https:\/\/orthodoxalbania.org\/2020\/el\/%cf%80%ce%bf%ce%b9%ce%bc%ce%b1%ce%bd%cf%84%ce%b9%ce%ba%ce%ae-%cf%86%cf%81%ce%bf%ce%bd%cf%84%ce%af%ce%b4%ce%b1\/","title":{"rendered":"\u03a0\u03bf\u03b9\u03bc\u03b1\u03bd\u03c4\u03b9\u03ba\u03ae \u03c6\u03c1\u03bf\u03bd\u03c4\u03af\u03b4\u03b1"},"content":{"rendered":"<div class=\"fusion-fullwidth fullwidth-box fusion-builder-row-1 fusion-flex-container nonhundred-percent-fullwidth non-hundred-percent-height-scrolling\" style=\"--awb-border-radius-top-left:0px;--awb-border-radius-top-right:0px;--awb-border-radius-bottom-right:0px;--awb-border-radius-bottom-left:0px;--awb-flex-wrap:wrap;\" ><div class=\"fusion-builder-row fusion-row fusion-flex-align-items-flex-start fusion-flex-content-wrap\" style=\"max-width:1216.8px;margin-left: calc(-4% \/ 2 );margin-right: calc(-4% \/ 2 );\"><div class=\"fusion-layout-column fusion_builder_column fusion-builder-column-0 fusion_builder_column_1_1 1_1 fusion-flex-column\" style=\"--awb-bg-size:cover;--awb-width-large:100%;--awb-margin-top-large:0px;--awb-spacing-right-large:1.92%;--awb-margin-bottom-large:20px;--awb-spacing-left-large:1.92%;--awb-width-medium:100%;--awb-order-medium:0;--awb-spacing-right-medium:1.92%;--awb-spacing-left-medium:1.92%;--awb-width-small:100%;--awb-order-small:0;--awb-spacing-right-small:1.92%;--awb-spacing-left-small:1.92%;\"><div class=\"fusion-column-wrapper fusion-column-has-shadow fusion-flex-justify-content-flex-start fusion-content-layout-column\"><div class=\"fusion-blog-shortcode fusion-blog-shortcode-1 fusion-blog-archive fusion-blog-layout-timeline-wrapper fusion-blog-no fusion-blog-no-images\"><div class=\"fusion-posts-container fusion-posts-container-no fusion-no-meta-info\" data-pages=\"1\"><div class=\"fusion-timeline-icon\"><i class=\"awb-icon-bubbles\" style=\"color:#fbecc9;\" aria-hidden=\"true\"><\/i><\/div><div class=\"fusion-blog-layout-timeline fusion-clearfix\"><div class=\"fusion-timeline-line\" style=\"border-left:1px solid #fbecc9;border-right:1px solid #fbecc9;\"><\/div><h3 class=\"fusion-timeline-date\" style=\"background-color:#fbecc9;\">September 1991<\/h3><div class=\"fusion-collapse-month\"><article id=\"blog-1-post-56736\" style=\"border-color:#fbecc9;\" class=\"fusion-post-timeline fusion-clearfix fusion-left-column post-56736 post type-post status-publish format-standard has-post-thumbnail hentry category-1422 tag-2800 tag-2798\">\n<div class=\"fusion-post-wrapper\" style=\"background-color:rgba(255,255,255,0);\"><div class=\"fusion-post-content-wrapper\" style=\"padding:30px 25px 20px 25px;\"><div class=\"fusion-post-content post-content\"><div class=\"fusion-timeline-circle\" style=\"background-color:#fbecc9;\"><\/div><div class=\"fusion-timeline-arrow\" style=\"color:#fbecc9;\"><\/div><h2 class=\"blog-shortcode-post-title entry-title\"><a href=\"https:\/\/orthodoxalbania.org\/2020\/el\/1991\/09\/13\/%ce%bf%cf%81%ce%b8%cf%8c%ce%b4%ce%bf%ce%be%ce%b7-%cf%87%cf%81%ce%b9%cf%83%cf%84%ce%b9%ce%b1%ce%bd%ce%b9%ce%ba%ce%ae-%ce%ba%ce%b1%cf%84%ce%ae%cf%87%ce%b7%cf%83%ce%b7\/\">\u039f\u03c1\u03b8\u03cc\u03b4\u03bf\u03be\u03b7 \u03c7\u03c1\u03b9\u03c3\u03c4\u03b9\u03b1\u03bd\u03b9\u03ba\u03ae \u03ba\u03b1\u03c4\u03ae\u03c7\u03b7\u03c3\u03b7<\/a><\/h2><div class=\"fusion-post-content-container\"><\/div><\/div><\/div><div class=\"fusion-clearfix\"><\/div><\/div>\n<\/article>\n<\/div><h3 class=\"fusion-timeline-date\" style=\"background-color:#fbecc9;\">April 1992<\/h3><div class=\"fusion-collapse-month\"><article id=\"blog-1-post-56740\" style=\"border-color:#fbecc9;\" class=\"fusion-post-timeline fusion-clearfix fusion-right-column post-56740 post type-post status-publish format-standard hentry category-1414 tag-2798 tag-2813\">\n<div class=\"fusion-post-wrapper\" style=\"background-color:rgba(255,255,255,0);\"><div class=\"fusion-post-content-wrapper\" style=\"padding:30px 25px 20px 25px;\"><div class=\"fusion-post-content post-content\"><div class=\"fusion-timeline-circle\" style=\"background-color:#fbecc9;\"><\/div><div class=\"fusion-timeline-arrow\" style=\"color:#fbecc9;\"><\/div><h2 class=\"blog-shortcode-post-title entry-title\"><a href=\"https:\/\/orthodoxalbania.org\/2020\/el\/1992\/04\/09\/%cf%84%ce%b1-%cf%80%ce%b1%ce%b9%ce%b4%ce%b9%ce%ac\/\">\u03a4\u03b1 \u03c0\u03b1\u03b9\u03b4\u03b9\u03ac<\/a><\/h2><div class=\"fusion-post-content-container\"><\/div><\/div><\/div><div class=\"fusion-clearfix\"><\/div><\/div>\n<\/article>\n<\/div><h3 class=\"fusion-timeline-date\" style=\"background-color:#fbecc9;\">September 1992<\/h3><div class=\"fusion-collapse-month\"><article id=\"blog-1-post-56760\" style=\"border-color:#fbecc9;\" class=\"fusion-post-timeline fusion-clearfix fusion-left-column post-56760 post type-post status-publish format-standard has-post-thumbnail hentry category-1418 tag-2834 tag-2798\">\n<div class=\"fusion-post-wrapper\" style=\"background-color:rgba(255,255,255,0);\"><div class=\"fusion-post-content-wrapper\" style=\"padding:30px 25px 20px 25px;\"><div class=\"fusion-post-content post-content\"><div class=\"fusion-timeline-circle\" style=\"background-color:#fbecc9;\"><\/div><div class=\"fusion-timeline-arrow\" style=\"color:#fbecc9;\"><\/div><h2 class=\"blog-shortcode-post-title entry-title\"><a href=\"https:\/\/orthodoxalbania.org\/2020\/el\/1992\/09\/13\/%ce%bf%cf%81%ce%b8%cf%8c%ce%b4%ce%bf%ce%be%ce%b5%cf%82-%ce%b3%cf%85%ce%bd%ce%b1%ce%af%ce%ba%ce%b5%cf%82\/\">\u039f\u03c1\u03b8\u03cc\u03b4\u03bf\u03be\u03b5\u03c2 \u0393\u03c5\u03bd\u03b1\u03af\u03ba\u03b5\u03c2<\/a><\/h2><div class=\"fusion-post-content-container\"><\/div><\/div><\/div><div class=\"fusion-clearfix\"><\/div><\/div>\n<\/article>\n<\/div><h3 class=\"fusion-timeline-date\" style=\"background-color:#fbecc9;\">September 1993<\/h3><div class=\"fusion-collapse-month\"><article id=\"blog-1-post-56750\" style=\"border-color:#fbecc9;\" class=\"fusion-post-timeline fusion-clearfix fusion-right-column post-56750 post type-post status-publish format-standard hentry category-1430 tag-2824 tag-2798\">\n<div class=\"fusion-post-wrapper\" style=\"background-color:rgba(255,255,255,0);\"><div class=\"fusion-post-content-wrapper\" style=\"padding:30px 25px 20px 25px;\"><div class=\"fusion-post-content post-content\"><div class=\"fusion-timeline-circle\" style=\"background-color:#fbecc9;\"><\/div><div class=\"fusion-timeline-arrow\" style=\"color:#fbecc9;\"><\/div><h2 class=\"blog-shortcode-post-title entry-title\"><a href=\"https:\/\/orthodoxalbania.org\/2020\/el\/1993\/09\/13\/%ce%bf%ce%b9-%ce%bd%ce%ad%ce%bf%ce%b9\/\">\u039f\u03b9 \u039d\u03ad\u03bf\u03b9<\/a><\/h2><div class=\"fusion-post-content-container\"><\/div><\/div><\/div><div class=\"fusion-clearfix\"><\/div><\/div>\n<\/article>\n<\/div><h3 class=\"fusion-timeline-date\" style=\"background-color:#fbecc9;\">September 1994<\/h3><div class=\"fusion-collapse-month\"><article id=\"blog-1-post-56752\" style=\"border-color:#fbecc9;\" class=\"fusion-post-timeline fusion-clearfix fusion-left-column post-56752 post type-post status-publish format-standard hentry category-1426 tag-2829 tag-2798\">\n<div class=\"fusion-post-wrapper\" style=\"background-color:rgba(255,255,255,0);\"><div class=\"fusion-post-content-wrapper\" style=\"padding:30px 25px 20px 25px;\"><div class=\"fusion-post-content post-content\"><div class=\"fusion-timeline-circle\" style=\"background-color:#fbecc9;\"><\/div><div class=\"fusion-timeline-arrow\" style=\"color:#fbecc9;\"><\/div><h2 class=\"blog-shortcode-post-title entry-title\"><a href=\"https:\/\/orthodoxalbania.org\/2020\/el\/1994\/09\/13\/%ce%b7-%cf%86%ce%bf%ce%b9%cf%84%ce%b7%cf%84%ce%b9%ce%ba%ce%ae-%ce%bb%ce%ad%cf%83%cf%87%ce%b7\/\">\u0397 \u03c6\u03bf\u03b9\u03c4\u03b7\u03c4\u03b9\u03ba\u03ae \u03bb\u03ad\u03c3\u03c7\u03b7<\/a><\/h2><div class=\"fusion-post-content-container\"><\/div><\/div><\/div><div class=\"fusion-clearfix\"><\/div><\/div>\n<\/article>\n<\/div><\/div><\/div><\/div><\/div><\/div><\/div><\/div>\n","protected":false},"excerpt":{"rendered":"","protected":false},"author":7,"featured_media":0,"parent":0,"menu_order":0,"comment_status":"closed","ping_status":"closed","template":"","meta":{"_acf_changed":false,"pagelayer_contact_templates":[],"_pagelayer_content":"","inline_featured_image":false,"footnotes":""},"class_list":["post-56798","page","type-page","status-publish","hentry"],"acf":[],"yoast_head":"<!-- This site is optimized with the Yoast SEO plugin v27.2 - https:\/\/yoast.com\/product\/yoast-seo-wordpress\/ -->\n<title>\u03a0\u03bf\u03b9\u03bc\u03b1\u03bd\u03c4\u03b9\u03ba\u03ae \u03c6\u03c1\u03bf\u03bd\u03c4\u03af\u03b4\u03b1 - Kisha Orthodh\u03bfkse Autoqefale e Shqip\u00ebris\u00eb<\/title>\n<meta name=\"robots\" content=\"index, follow, max-snippet:-1, max-image-preview:large, max-video-preview:-1\" \/>\n<link rel=\"canonical\" href=\"https:\/\/orthodoxalbania.org\/2020\/el\/\u03c0\u03bf\u03b9\u03bc\u03b1\u03bd\u03c4\u03b9\u03ba\u03ae-\u03c6\u03c1\u03bf\u03bd\u03c4\u03af\u03b4\u03b1\/\" \/>\n<meta property=\"og:locale\" content=\"en_US\" \/>\n<meta property=\"og:type\" content=\"article\" \/>\n<meta property=\"og:title\" content=\"\u03a0\u03bf\u03b9\u03bc\u03b1\u03bd\u03c4\u03b9\u03ba\u03ae \u03c6\u03c1\u03bf\u03bd\u03c4\u03af\u03b4\u03b1 - Kisha Orthodh\u03bfkse Autoqefale e Shqip\u00ebris\u00eb\" \/>\n<meta property=\"og:url\" content=\"https:\/\/orthodoxalbania.org\/2020\/el\/\u03c0\u03bf\u03b9\u03bc\u03b1\u03bd\u03c4\u03b9\u03ba\u03ae-\u03c6\u03c1\u03bf\u03bd\u03c4\u03af\u03b4\u03b1\/\" \/>\n<meta property=\"og:site_name\" content=\"Kisha Orthodh\u03bfkse Autoqefale e Shqip\u00ebris\u00eb\" \/>\n<meta property=\"article:publisher\" content=\"https:\/\/www.facebook.com\/koash1991\" \/>\n<meta property=\"article:modified_time\" content=\"2021-11-15T13:12:23+00:00\" \/>\n<meta property=\"og:image\" content=\"https:\/\/orthodoxalbania.org\/2020\/wp-content\/uploads\/2021\/02\/LogoLastALb-200.png\" \/>\n\t<meta property=\"og:image:width\" content=\"200\" \/>\n\t<meta property=\"og:image:height\" content=\"172\" \/>\n\t<meta property=\"og:image:type\" content=\"image\/png\" \/>\n<meta name=\"twitter:card\" content=\"summary_large_image\" \/>\n<meta name=\"twitter:label1\" content=\"Est. reading time\" \/>\n\t<meta name=\"twitter:data1\" content=\"2 minutes\" \/>\n<script type=\"application\/ld+json\" class=\"yoast-schema-graph\">{\"@context\":\"https:\/\/schema.org\",\"@graph\":[{\"@type\":\"WebPage\",\"@id\":\"https:\/\/orthodoxalbania.org\/2020\/el\/%cf%80%ce%bf%ce%b9%ce%bc%ce%b1%ce%bd%cf%84%ce%b9%ce%ba%ce%ae-%cf%86%cf%81%ce%bf%ce%bd%cf%84%ce%af%ce%b4%ce%b1\/\",\"url\":\"https:\/\/orthodoxalbania.org\/2020\/el\/%cf%80%ce%bf%ce%b9%ce%bc%ce%b1%ce%bd%cf%84%ce%b9%ce%ba%ce%ae-%cf%86%cf%81%ce%bf%ce%bd%cf%84%ce%af%ce%b4%ce%b1\/\",\"name\":\"\u03a0\u03bf\u03b9\u03bc\u03b1\u03bd\u03c4\u03b9\u03ba\u03ae \u03c6\u03c1\u03bf\u03bd\u03c4\u03af\u03b4\u03b1 - Kisha Orthodh\u03bfkse Autoqefale e Shqip\u00ebris\u00eb\",\"isPartOf\":{\"@id\":\"https:\/\/orthodoxalbania.org\/2020\/#website\"},\"datePublished\":\"2020-04-04T20:57:48+00:00\",\"dateModified\":\"2021-11-15T13:12:23+00:00\",\"breadcrumb\":{\"@id\":\"https:\/\/orthodoxalbania.org\/2020\/el\/%cf%80%ce%bf%ce%b9%ce%bc%ce%b1%ce%bd%cf%84%ce%b9%ce%ba%ce%ae-%cf%86%cf%81%ce%bf%ce%bd%cf%84%ce%af%ce%b4%ce%b1\/#breadcrumb\"},\"inLanguage\":\"en-US\",\"potentialAction\":[{\"@type\":\"ReadAction\",\"target\":[\"https:\/\/orthodoxalbania.org\/2020\/el\/%cf%80%ce%bf%ce%b9%ce%bc%ce%b1%ce%bd%cf%84%ce%b9%ce%ba%ce%ae-%cf%86%cf%81%ce%bf%ce%bd%cf%84%ce%af%ce%b4%ce%b1\/\"]}]},{\"@type\":\"BreadcrumbList\",\"@id\":\"https:\/\/orthodoxalbania.org\/2020\/el\/%cf%80%ce%bf%ce%b9%ce%bc%ce%b1%ce%bd%cf%84%ce%b9%ce%ba%ce%ae-%cf%86%cf%81%ce%bf%ce%bd%cf%84%ce%af%ce%b4%ce%b1\/#breadcrumb\",\"itemListElement\":[{\"@type\":\"ListItem\",\"position\":1,\"name\":\"Home\",\"item\":\"https:\/\/orthodoxalbania.org\/2020\/\"},{\"@type\":\"ListItem\",\"position\":2,\"name\":\"\u03a0\u03bf\u03b9\u03bc\u03b1\u03bd\u03c4\u03b9\u03ba\u03ae \u03c6\u03c1\u03bf\u03bd\u03c4\u03af\u03b4\u03b1\"}]},{\"@type\":\"WebSite\",\"@id\":\"https:\/\/orthodoxalbania.org\/2020\/#website\",\"url\":\"https:\/\/orthodoxalbania.org\/2020\/\",\"name\":\"Kisha Orthodh\u03bfkse Autoqefale e Shqip\u00ebris\u00eb\",\"description\":\"Fqja Zyrtare e Kish\u00ebs Orthodhokse Autoqefale e Shqip\u00ebris\u00eb me lajmet edhe informacionet zyrtare p\u00ebr struktur\u00ebn edhe veprimtarin e saj.\",\"publisher\":{\"@id\":\"https:\/\/orthodoxalbania.org\/2020\/#organization\"},\"potentialAction\":[{\"@type\":\"SearchAction\",\"target\":{\"@type\":\"EntryPoint\",\"urlTemplate\":\"https:\/\/orthodoxalbania.org\/2020\/?s={search_term_string}\"},\"query-input\":{\"@type\":\"PropertyValueSpecification\",\"valueRequired\":true,\"valueName\":\"search_term_string\"}}],\"inLanguage\":\"en-US\"},{\"@type\":\"Organization\",\"@id\":\"https:\/\/orthodoxalbania.org\/2020\/#organization\",\"name\":\"Kisha Orthodhokse Autoqefale e Shqip\u00ebris\u00eb\",\"url\":\"https:\/\/orthodoxalbania.org\/2020\/\",\"logo\":{\"@type\":\"ImageObject\",\"inLanguage\":\"en-US\",\"@id\":\"https:\/\/orthodoxalbania.org\/2020\/#\/schema\/logo\/image\/\",\"url\":\"https:\/\/orthodoxalbania.org\/2020\/wp-content\/uploads\/2020\/05\/albania.jpeg\",\"contentUrl\":\"https:\/\/orthodoxalbania.org\/2020\/wp-content\/uploads\/2020\/05\/albania.jpeg\",\"width\":540,\"height\":540,\"caption\":\"Kisha Orthodhokse Autoqefale e Shqip\u00ebris\u00eb\"},\"image\":{\"@id\":\"https:\/\/orthodoxalbania.org\/2020\/#\/schema\/logo\/image\/\"},\"sameAs\":[\"https:\/\/www.facebook.com\/koash1991\"]}]}<\/script>\n<!-- \/ Yoast SEO plugin. -->","yoast_head_json":{"title":"\u03a0\u03bf\u03b9\u03bc\u03b1\u03bd\u03c4\u03b9\u03ba\u03ae \u03c6\u03c1\u03bf\u03bd\u03c4\u03af\u03b4\u03b1 - Kisha Orthodh\u03bfkse Autoqefale e Shqip\u00ebris\u00eb","robots":{"index":"index","follow":"follow","max-snippet":"max-snippet:-1","max-image-preview":"max-image-preview:large","max-video-preview":"max-video-preview:-1"},"canonical":"https:\/\/orthodoxalbania.org\/2020\/el\/\u03c0\u03bf\u03b9\u03bc\u03b1\u03bd\u03c4\u03b9\u03ba\u03ae-\u03c6\u03c1\u03bf\u03bd\u03c4\u03af\u03b4\u03b1\/","og_locale":"en_US","og_type":"article","og_title":"\u03a0\u03bf\u03b9\u03bc\u03b1\u03bd\u03c4\u03b9\u03ba\u03ae \u03c6\u03c1\u03bf\u03bd\u03c4\u03af\u03b4\u03b1 - Kisha Orthodh\u03bfkse Autoqefale e Shqip\u00ebris\u00eb","og_url":"https:\/\/orthodoxalbania.org\/2020\/el\/\u03c0\u03bf\u03b9\u03bc\u03b1\u03bd\u03c4\u03b9\u03ba\u03ae-\u03c6\u03c1\u03bf\u03bd\u03c4\u03af\u03b4\u03b1\/","og_site_name":"Kisha Orthodh\u03bfkse Autoqefale e Shqip\u00ebris\u00eb","article_publisher":"https:\/\/www.facebook.com\/koash1991","article_modified_time":"2021-11-15T13:12:23+00:00","og_image":[{"width":200,"height":172,"url":"https:\/\/orthodoxalbania.org\/2020\/wp-content\/uploads\/2021\/02\/LogoLastALb-200.png","type":"image\/png"}],"twitter_card":"summary_large_image","twitter_misc":{"Est. reading time":"2 minutes"},"schema":{"@context":"https:\/\/schema.org","@graph":[{"@type":"WebPage","@id":"https:\/\/orthodoxalbania.org\/2020\/el\/%cf%80%ce%bf%ce%b9%ce%bc%ce%b1%ce%bd%cf%84%ce%b9%ce%ba%ce%ae-%cf%86%cf%81%ce%bf%ce%bd%cf%84%ce%af%ce%b4%ce%b1\/","url":"https:\/\/orthodoxalbania.org\/2020\/el\/%cf%80%ce%bf%ce%b9%ce%bc%ce%b1%ce%bd%cf%84%ce%b9%ce%ba%ce%ae-%cf%86%cf%81%ce%bf%ce%bd%cf%84%ce%af%ce%b4%ce%b1\/","name":"\u03a0\u03bf\u03b9\u03bc\u03b1\u03bd\u03c4\u03b9\u03ba\u03ae \u03c6\u03c1\u03bf\u03bd\u03c4\u03af\u03b4\u03b1 - Kisha Orthodh\u03bfkse Autoqefale e Shqip\u00ebris\u00eb","isPartOf":{"@id":"https:\/\/orthodoxalbania.org\/2020\/#website"},"datePublished":"2020-04-04T20:57:48+00:00","dateModified":"2021-11-15T13:12:23+00:00","breadcrumb":{"@id":"https:\/\/orthodoxalbania.org\/2020\/el\/%cf%80%ce%bf%ce%b9%ce%bc%ce%b1%ce%bd%cf%84%ce%b9%ce%ba%ce%ae-%cf%86%cf%81%ce%bf%ce%bd%cf%84%ce%af%ce%b4%ce%b1\/#breadcrumb"},"inLanguage":"en-US","potentialAction":[{"@type":"ReadAction","target":["https:\/\/orthodoxalbania.org\/2020\/el\/%cf%80%ce%bf%ce%b9%ce%bc%ce%b1%ce%bd%cf%84%ce%b9%ce%ba%ce%ae-%cf%86%cf%81%ce%bf%ce%bd%cf%84%ce%af%ce%b4%ce%b1\/"]}]},{"@type":"BreadcrumbList","@id":"https:\/\/orthodoxalbania.org\/2020\/el\/%cf%80%ce%bf%ce%b9%ce%bc%ce%b1%ce%bd%cf%84%ce%b9%ce%ba%ce%ae-%cf%86%cf%81%ce%bf%ce%bd%cf%84%ce%af%ce%b4%ce%b1\/#breadcrumb","itemListElement":[{"@type":"ListItem","position":1,"name":"Home","item":"https:\/\/orthodoxalbania.org\/2020\/"},{"@type":"ListItem","position":2,"name":"\u03a0\u03bf\u03b9\u03bc\u03b1\u03bd\u03c4\u03b9\u03ba\u03ae \u03c6\u03c1\u03bf\u03bd\u03c4\u03af\u03b4\u03b1"}]},{"@type":"WebSite","@id":"https:\/\/orthodoxalbania.org\/2020\/#website","url":"https:\/\/orthodoxalbania.org\/2020\/","name":"Kisha Orthodh\u03bfkse Autoqefale e Shqip\u00ebris\u00eb","description":"Fqja Zyrtare e Kish\u00ebs Orthodhokse Autoqefale e Shqip\u00ebris\u00eb me lajmet edhe informacionet zyrtare p\u00ebr struktur\u00ebn edhe veprimtarin e saj.","publisher":{"@id":"https:\/\/orthodoxalbania.org\/2020\/#organization"},"potentialAction":[{"@type":"SearchAction","target":{"@type":"EntryPoint","urlTemplate":"https:\/\/orthodoxalbania.org\/2020\/?s={search_term_string}"},"query-input":{"@type":"PropertyValueSpecification","valueRequired":true,"valueName":"search_term_string"}}],"inLanguage":"en-US"},{"@type":"Organization","@id":"https:\/\/orthodoxalbania.org\/2020\/#organization","name":"Kisha Orthodhokse Autoqefale e Shqip\u00ebris\u00eb","url":"https:\/\/orthodoxalbania.org\/2020\/","logo":{"@type":"ImageObject","inLanguage":"en-US","@id":"https:\/\/orthodoxalbania.org\/2020\/#\/schema\/logo\/image\/","url":"https:\/\/orthodoxalbania.org\/2020\/wp-content\/uploads\/2020\/05\/albania.jpeg","contentUrl":"https:\/\/orthodoxalbania.org\/2020\/wp-content\/uploads\/2020\/05\/albania.jpeg","width":540,"height":540,"caption":"Kisha Orthodhokse Autoqefale e Shqip\u00ebris\u00eb"},"image":{"@id":"https:\/\/orthodoxalbania.org\/2020\/#\/schema\/logo\/image\/"},"sameAs":["https:\/\/www.facebook.com\/koash1991"]}]}},"_links":{"self":[{"href":"https:\/\/orthodoxalbania.org\/2020\/wp-json\/wp\/v2\/pages\/56798","targetHints":{"allow":["GET"]}}],"collection":[{"href":"https:\/\/orthodoxalbania.org\/2020\/wp-json\/wp\/v2\/pages"}],"about":[{"href":"https:\/\/orthodoxalbania.org\/2020\/wp-json\/wp\/v2\/types\/page"}],"author":[{"embeddable":true,"href":"https:\/\/orthodoxalbania.org\/2020\/wp-json\/wp\/v2\/users\/7"}],"replies":[{"embeddable":true,"href":"https:\/\/orthodoxalbania.org\/2020\/wp-json\/wp\/v2\/comments?post=56798"}],"version-history":[{"count":1,"href":"https:\/\/orthodoxalbania.org\/2020\/wp-json\/wp\/v2\/pages\/56798\/revisions"}],"predecessor-version":[{"id":56799,"href":"https:\/\/orthodoxalbania.org\/2020\/wp-json\/wp\/v2\/pages\/56798\/revisions\/56799"}],"wp:attachment":[{"href":"https:\/\/orthodoxalbania.org\/2020\/wp-json\/wp\/v2\/media?parent=56798"}],"curies":[{"name":"wp","href":"https:\/\/api.w.org\/{rel}","templated":true}]}}