{"id":55705,"date":"2021-10-17T21:35:35","date_gmt":"2021-10-17T19:35:35","guid":{"rendered":"https:\/\/orthodoxalbania.org\/2020\/?page_id=55705"},"modified":"2022-02-27T11:52:02","modified_gmt":"2022-02-27T10:52:02","slug":"katekizmi-besimi-orthodhoks","status":"publish","type":"page","link":"https:\/\/orthodoxalbania.org\/2020\/katekizmi-besimi-orthodhoks\/","title":{"rendered":"Katekizmi &#038; Besimi Orthodhoks"},"content":{"rendered":"<div class=\"fusion-fullwidth fullwidth-box fusion-builder-row-1 fusion-flex-container nonhundred-percent-fullwidth non-hundred-percent-height-scrolling\" style=\"--link_hover_color: rgba(232,16,4,0.8);--link_color: #6b6700;--awb-border-radius-top-left:0px;--awb-border-radius-top-right:0px;--awb-border-radius-bottom-right:0px;--awb-border-radius-bottom-left:0px;--awb-flex-wrap:wrap;\" ><div class=\"fusion-builder-row fusion-row fusion-flex-align-items-flex-start fusion-flex-content-wrap\" style=\"max-width:1216.8px;margin-left: calc(-4% \/ 2 );margin-right: calc(-4% \/ 2 );\"><div class=\"fusion-layout-column fusion_builder_column fusion-builder-column-0 fusion_builder_column_1_2 1_2 fusion-flex-column\" style=\"--awb-bg-size:cover;--awb-width-large:50%;--awb-margin-top-large:0px;--awb-spacing-right-large:3.84%;--awb-margin-bottom-large:20px;--awb-spacing-left-large:3.84%;--awb-width-medium:100%;--awb-order-medium:0;--awb-spacing-right-medium:1.92%;--awb-spacing-left-medium:1.92%;--awb-width-small:100%;--awb-order-small:0;--awb-spacing-right-small:1.92%;--awb-spacing-left-small:1.92%;\"><div class=\"fusion-column-wrapper fusion-column-has-shadow fusion-flex-justify-content-flex-start fusion-content-layout-column\"><div class=\"fusion-title title fusion-title-1 fusion-sep-none fusion-title-highlight fusion-animate-loop fusion-highlight-underline_zigzag fusion-title-size-three\" style=\"--awb-highlight-top-margin:13px;--awb-highlight-width:6;\" data-highlight=\"underline_zigzag\"><h3 class=\"fusion-title-heading title-heading-left fusion-responsive-typography-calculated\" style=\"margin:0;--fontSize:22;--minFontSize:22;line-height:1.3;\"><span class=\"fusion-highlighted-text-prefix\"><\/span> <span class=\"fusion-highlighted-text-wrapper\"><span class=\"fusion-highlighted-text\">Katekizmi i shkurt\u00ebr<\/span><svg xmlns=\"http:\/\/www.w3.org\/2000\/svg\" viewBox=\"0 0 500 150\" preserveAspectRatio=\"none\"><path d=\"M6.1,133.6c0,0,173.4-20.6,328.3-14.5c154.8,6.1,162.2,8.7,162.2,8.7s-262.6-4.9-339.2,13.9 c0,0,113.8-6.1,162.9,6.9\"><\/path><\/svg><\/span> <span class=\"fusion-highlighted-text-postfix\"><\/span><\/h3><\/div><div class=\"fusion-text fusion-text-1\"><h4><span class=\"ez-toc-section\" id=\"Katekizmi_i_Krishtere_Orthodhoks_%E2%80%93_Ate_Mihal_Terova\"><\/span><a href=\"https:\/\/orthodoxalbania.org\/2020\/katekizmi-besimi-orthodhoks\/katekizmi-i-krishter-orthodhoks-ate-mihal-terova\/\">Katekizmi i Krishter\u00eb Orthodhoks &#8211; <em>At\u00eb Mihal Terova<\/em><\/a><span class=\"ez-toc-section-end\"><\/span><\/h4>\n<h4><span class=\"ez-toc-section\" id=\"Mesazhe_Hyjnore_%E2%80%93_Kryepiskopi_Anastas\"><\/span><a href=\"https:\/\/orthodoxalbania.org\/2020\/katekizmi-besimi-orthodhoks\/mesazhe-hyjnore-kryepiskopi-anastas\/\">Mesazhe Hyjnore &#8211; <em>Kryepiskopi Anastas<\/em><\/a><span class=\"ez-toc-section-end\"><\/span><\/h4>\n<h4><span class=\"ez-toc-section\" id=\"Udhetim_Shpirteror_%E2%80%93_Kryepiskopi_Anastas\"><\/span><a href=\"https:\/\/orthodoxalbania.org\/2020\/katekizmi-besimi-orthodhoks\/udhetim-shpirteror-kryepiskopi-anastas\/\">Udh\u00ebtim Shpirt\u00ebror &#8211; <em>Kryepiskopi Anastas<\/em><\/a><span class=\"ez-toc-section-end\"><\/span><\/h4>\n<h4><span class=\"ez-toc-section\" id=\"Permbledhje_e_Besimit_Orthodhoks_%E2%80%93_Prof_dr_Athanas_Delikostopulos\"><\/span><a href=\"https:\/\/orthodoxalbania.org\/2020\/katekizmi-besimi-orthodhoks\/permbledhje-e-besimit-orthodhoks-delikostopulos\/\">P\u00ebrmbledhje e Besimit Orthodhoks &#8211; <em>Prof. dr. Athanas Delikostopulos<\/em><\/a><span class=\"ez-toc-section-end\"><\/span><\/h4>\n<h4><span class=\"ez-toc-section\" id=\"Eja_dhe_Shih_Katekizem_liturgjik_per_femije_%E2%80%93_Anthony_M_Coniaris\"><\/span><a href=\"https:\/\/orthodoxalbania.org\/2020\/eja-dhe-shih-anthony-m-coniaris\/\">Eja dhe Shih (Katekiz\u00ebm liturgjik p\u00ebr f\u00ebmij\u00eb) &#8211; <em>Anthony M. Coniaris<\/em><\/a><span class=\"ez-toc-section-end\"><\/span><\/h4>\n<h4><span class=\"ez-toc-section\" id=\"Tema_te_vecanta\"><\/span>Tema t\u00eb ve\u00e7anta:<span class=\"ez-toc-section-end\"><\/span><\/h4>\n<p class=\"entry-title fusion-responsive-typography-calculated\" style=\"text-align: justify;\" data-fontsize=\"35\" data-lineheight=\"45.5px\"><a href=\"https:\/\/orthodoxalbania.org\/2020\/2021\/10\/10\/kuptimi-i-sherbesave-lutesore\/\">Kuptimi i sh\u00ebrbesave lut\u00ebsore<\/a>,\u00a0<a href=\"https:\/\/orthodoxalbania.org\/2020\/2017\/05\/05\/mbledhja-adhuruese\/\">Mbledhja Adhuruese<\/a>,\u00a0<a href=\"https:\/\/orthodoxalbania.org\/2020\/2017\/05\/05\/martesa-d52\/\">Martesa<\/a>,\u00a0<a href=\"https:\/\/orthodoxalbania.org\/2020\/2013\/04\/02\/kreshma\/\">Kreshma &#8211; <em>At\u00eb Justini<\/em><\/a>,\u00a0<a href=\"https:\/\/orthodoxalbania.org\/2020\/2019\/04\/19\/temjani\/\">Temjani<\/a>, <a href=\"https:\/\/orthodoxalbania.org\/2020\/2019\/04\/19\/ikonat-d97\/\">Ikonat<\/a>, <a href=\"https:\/\/orthodoxalbania.org\/2020\/2019\/04\/19\/qiriu\/\">Qiriu<\/a>, <a href=\"https:\/\/orthodoxalbania.org\/2020\/2019\/04\/19\/kryqi\/\">Kryqi<\/a><\/p>\n<\/div><\/div><\/div><div class=\"fusion-layout-column fusion_builder_column fusion-builder-column-1 fusion_builder_column_1_2 1_2 fusion-flex-column\" style=\"--awb-bg-size:cover;--awb-width-large:50%;--awb-margin-top-large:0px;--awb-spacing-right-large:3.84%;--awb-margin-bottom-large:20px;--awb-spacing-left-large:3.84%;--awb-width-medium:100%;--awb-order-medium:0;--awb-spacing-right-medium:1.92%;--awb-spacing-left-medium:1.92%;--awb-width-small:100%;--awb-order-small:0;--awb-spacing-right-small:1.92%;--awb-spacing-left-small:1.92%;\"><div class=\"fusion-column-wrapper fusion-column-has-shadow fusion-flex-justify-content-flex-start fusion-content-layout-column\"><div class=\"fusion-title title fusion-title-2 fusion-sep-none fusion-title-highlight fusion-animate-loop fusion-highlight-underline_zigzag fusion-title-size-three\" style=\"--awb-highlight-top-margin:13px;--awb-highlight-width:6;\" data-highlight=\"underline_zigzag\"><h3 class=\"fusion-title-heading title-heading-left fusion-responsive-typography-calculated\" style=\"margin:0;--fontSize:22;--minFontSize:22;line-height:1.3;\"><span class=\"fusion-highlighted-text-prefix\"><\/span> <span class=\"fusion-highlighted-text-wrapper\"><span class=\"fusion-highlighted-text\">Katekizmi i zgjeruar<\/span><svg xmlns=\"http:\/\/www.w3.org\/2000\/svg\" viewBox=\"0 0 500 150\" preserveAspectRatio=\"none\"><path d=\"M6.1,133.6c0,0,173.4-20.6,328.3-14.5c154.8,6.1,162.2,8.7,162.2,8.7s-262.6-4.9-339.2,13.9 c0,0,113.8-6.1,162.9,6.9\"><\/path><\/svg><\/span> <span class=\"fusion-highlighted-text-postfix\"><\/span><\/h3><\/div><div class=\"fusion-text fusion-text-2\"><h4><span class=\"ez-toc-section\" id=\"Besimi_Orthodhoks_%E2%80%93_Protopresviter_Thomas_Hopko\"><\/span><span style=\"color: #595959;\">Besimi Orthodhoks<em> &#8211; Protopresviter Thomas Hopko<\/em><\/span><span class=\"ez-toc-section-end\"><\/span><\/h4>\n<h4><span class=\"ez-toc-section\" id=\"I_%E2%80%93_Doktrina\"><\/span><a href=\"https:\/\/orthodoxalbania.org\/2020\/doktrina\/\">I &#8211; Doktrina<\/a><span class=\"ez-toc-section-end\"><\/span><\/h4>\n<h4><span class=\"ez-toc-section\" id=\"II_%E2%80%93_Adhurimi\"><\/span><a href=\"https:\/\/orthodoxalbania.org\/2020\/adhurimi\/\">II &#8211; Adhurimi<\/a><span class=\"ez-toc-section-end\"><\/span><\/h4>\n<h4><span class=\"ez-toc-section\" id=\"III_%E2%80%93_Shkrimi_i_Shenjte\"><\/span><a href=\"https:\/\/orthodoxalbania.org\/2020\/shkrimi-i-shenjte\/\">III &#8211; Shkrimi i Shenjt\u00eb<\/a><span class=\"ez-toc-section-end\"><\/span><\/h4>\n<h4><span class=\"ez-toc-section\" id=\"IV_%E2%80%93_Historia_e_Kishes\"><\/span><a href=\"https:\/\/orthodoxalbania.org\/2020\/historia-e-kishes\/\">IV &#8211; Historia e Kish\u00ebs<\/a><span class=\"ez-toc-section-end\"><\/span><\/h4>\n<h4><span class=\"ez-toc-section\" id=\"V_%E2%80%93_Spiritualiteti\"><\/span><a href=\"https:\/\/orthodoxalbania.org\/2020\/spiritualiteti\/\">V &#8211; Spiritualiteti<\/a><span class=\"ez-toc-section-end\"><\/span><\/h4>\n<\/div><\/div><\/div><\/div><\/div>\n","protected":false},"excerpt":{"rendered":"","protected":false},"author":7,"featured_media":0,"parent":0,"menu_order":0,"comment_status":"closed","ping_status":"closed","template":"","meta":{"_acf_changed":false,"pagelayer_contact_templates":[],"_pagelayer_content":"","inline_featured_image":false,"footnotes":""},"class_list":["post-55705","page","type-page","status-publish","hentry"],"acf":[],"yoast_head":"<!-- This site is optimized with the Yoast SEO plugin v27.2 - https:\/\/yoast.com\/product\/yoast-seo-wordpress\/ -->\n<title>Katekizmi &amp; Besimi Orthodhoks - Kisha Orthodh\u03bfkse Autoqefale e Shqip\u00ebris\u00eb<\/title>\n<meta name=\"robots\" content=\"index, follow, max-snippet:-1, max-image-preview:large, max-video-preview:-1\" \/>\n<link rel=\"canonical\" href=\"https:\/\/orthodoxalbania.org\/2020\/katekizmi-besimi-orthodhoks\/\" \/>\n<meta property=\"og:locale\" content=\"en_US\" \/>\n<meta property=\"og:type\" content=\"article\" \/>\n<meta property=\"og:title\" content=\"Katekizmi &amp; Besimi Orthodhoks - Kisha Orthodh\u03bfkse Autoqefale e Shqip\u00ebris\u00eb\" \/>\n<meta property=\"og:url\" content=\"https:\/\/orthodoxalbania.org\/2020\/katekizmi-besimi-orthodhoks\/\" \/>\n<meta property=\"og:site_name\" content=\"Kisha Orthodh\u03bfkse Autoqefale e Shqip\u00ebris\u00eb\" \/>\n<meta property=\"article:publisher\" content=\"https:\/\/www.facebook.com\/koash1991\" \/>\n<meta property=\"article:modified_time\" content=\"2022-02-27T10:52:02+00:00\" \/>\n<meta property=\"og:image\" content=\"https:\/\/orthodoxalbania.org\/2020\/wp-content\/uploads\/2021\/02\/LogoLastALb-200.png\" \/>\n\t<meta property=\"og:image:width\" content=\"200\" \/>\n\t<meta property=\"og:image:height\" content=\"172\" \/>\n\t<meta property=\"og:image:type\" content=\"image\/png\" \/>\n<meta name=\"twitter:card\" content=\"summary_large_image\" \/>\n<meta name=\"twitter:label1\" content=\"Est. reading time\" \/>\n\t<meta name=\"twitter:data1\" content=\"7 minutes\" \/>\n<script type=\"application\/ld+json\" class=\"yoast-schema-graph\">{\"@context\":\"https:\/\/schema.org\",\"@graph\":[{\"@type\":\"WebPage\",\"@id\":\"https:\/\/orthodoxalbania.org\/2020\/katekizmi-besimi-orthodhoks\/\",\"url\":\"https:\/\/orthodoxalbania.org\/2020\/katekizmi-besimi-orthodhoks\/\",\"name\":\"Katekizmi & Besimi Orthodhoks - Kisha Orthodh\u03bfkse Autoqefale e Shqip\u00ebris\u00eb\",\"isPartOf\":{\"@id\":\"https:\/\/orthodoxalbania.org\/2020\/#website\"},\"datePublished\":\"2021-10-17T19:35:35+00:00\",\"dateModified\":\"2022-02-27T10:52:02+00:00\",\"breadcrumb\":{\"@id\":\"https:\/\/orthodoxalbania.org\/2020\/katekizmi-besimi-orthodhoks\/#breadcrumb\"},\"inLanguage\":\"en-US\",\"potentialAction\":[{\"@type\":\"ReadAction\",\"target\":[\"https:\/\/orthodoxalbania.org\/2020\/katekizmi-besimi-orthodhoks\/\"]}]},{\"@type\":\"BreadcrumbList\",\"@id\":\"https:\/\/orthodoxalbania.org\/2020\/katekizmi-besimi-orthodhoks\/#breadcrumb\",\"itemListElement\":[{\"@type\":\"ListItem\",\"position\":1,\"name\":\"Home\",\"item\":\"https:\/\/orthodoxalbania.org\/2020\/\"},{\"@type\":\"ListItem\",\"position\":2,\"name\":\"Katekizmi &#038; Besimi Orthodhoks\"}]},{\"@type\":\"WebSite\",\"@id\":\"https:\/\/orthodoxalbania.org\/2020\/#website\",\"url\":\"https:\/\/orthodoxalbania.org\/2020\/\",\"name\":\"Kisha Orthodh\u03bfkse Autoqefale e Shqip\u00ebris\u00eb\",\"description\":\"Fqja Zyrtare e Kish\u00ebs Orthodhokse Autoqefale e Shqip\u00ebris\u00eb me lajmet edhe informacionet zyrtare p\u00ebr struktur\u00ebn edhe veprimtarin e saj.\",\"publisher\":{\"@id\":\"https:\/\/orthodoxalbania.org\/2020\/#organization\"},\"potentialAction\":[{\"@type\":\"SearchAction\",\"target\":{\"@type\":\"EntryPoint\",\"urlTemplate\":\"https:\/\/orthodoxalbania.org\/2020\/?s={search_term_string}\"},\"query-input\":{\"@type\":\"PropertyValueSpecification\",\"valueRequired\":true,\"valueName\":\"search_term_string\"}}],\"inLanguage\":\"en-US\"},{\"@type\":\"Organization\",\"@id\":\"https:\/\/orthodoxalbania.org\/2020\/#organization\",\"name\":\"Kisha Orthodhokse Autoqefale e Shqip\u00ebris\u00eb\",\"url\":\"https:\/\/orthodoxalbania.org\/2020\/\",\"logo\":{\"@type\":\"ImageObject\",\"inLanguage\":\"en-US\",\"@id\":\"https:\/\/orthodoxalbania.org\/2020\/#\/schema\/logo\/image\/\",\"url\":\"https:\/\/orthodoxalbania.org\/2020\/wp-content\/uploads\/2020\/05\/albania.jpeg\",\"contentUrl\":\"https:\/\/orthodoxalbania.org\/2020\/wp-content\/uploads\/2020\/05\/albania.jpeg\",\"width\":540,\"height\":540,\"caption\":\"Kisha Orthodhokse Autoqefale e Shqip\u00ebris\u00eb\"},\"image\":{\"@id\":\"https:\/\/orthodoxalbania.org\/2020\/#\/schema\/logo\/image\/\"},\"sameAs\":[\"https:\/\/www.facebook.com\/koash1991\"]}]}<\/script>\n<!-- \/ Yoast SEO plugin. -->","yoast_head_json":{"title":"Katekizmi & Besimi Orthodhoks - Kisha Orthodh\u03bfkse Autoqefale e Shqip\u00ebris\u00eb","robots":{"index":"index","follow":"follow","max-snippet":"max-snippet:-1","max-image-preview":"max-image-preview:large","max-video-preview":"max-video-preview:-1"},"canonical":"https:\/\/orthodoxalbania.org\/2020\/katekizmi-besimi-orthodhoks\/","og_locale":"en_US","og_type":"article","og_title":"Katekizmi & Besimi Orthodhoks - Kisha Orthodh\u03bfkse Autoqefale e Shqip\u00ebris\u00eb","og_url":"https:\/\/orthodoxalbania.org\/2020\/katekizmi-besimi-orthodhoks\/","og_site_name":"Kisha Orthodh\u03bfkse Autoqefale e Shqip\u00ebris\u00eb","article_publisher":"https:\/\/www.facebook.com\/koash1991","article_modified_time":"2022-02-27T10:52:02+00:00","og_image":[{"width":200,"height":172,"url":"https:\/\/orthodoxalbania.org\/2020\/wp-content\/uploads\/2021\/02\/LogoLastALb-200.png","type":"image\/png"}],"twitter_card":"summary_large_image","twitter_misc":{"Est. reading time":"7 minutes"},"schema":{"@context":"https:\/\/schema.org","@graph":[{"@type":"WebPage","@id":"https:\/\/orthodoxalbania.org\/2020\/katekizmi-besimi-orthodhoks\/","url":"https:\/\/orthodoxalbania.org\/2020\/katekizmi-besimi-orthodhoks\/","name":"Katekizmi & Besimi Orthodhoks - Kisha Orthodh\u03bfkse Autoqefale e Shqip\u00ebris\u00eb","isPartOf":{"@id":"https:\/\/orthodoxalbania.org\/2020\/#website"},"datePublished":"2021-10-17T19:35:35+00:00","dateModified":"2022-02-27T10:52:02+00:00","breadcrumb":{"@id":"https:\/\/orthodoxalbania.org\/2020\/katekizmi-besimi-orthodhoks\/#breadcrumb"},"inLanguage":"en-US","potentialAction":[{"@type":"ReadAction","target":["https:\/\/orthodoxalbania.org\/2020\/katekizmi-besimi-orthodhoks\/"]}]},{"@type":"BreadcrumbList","@id":"https:\/\/orthodoxalbania.org\/2020\/katekizmi-besimi-orthodhoks\/#breadcrumb","itemListElement":[{"@type":"ListItem","position":1,"name":"Home","item":"https:\/\/orthodoxalbania.org\/2020\/"},{"@type":"ListItem","position":2,"name":"Katekizmi &#038; Besimi Orthodhoks"}]},{"@type":"WebSite","@id":"https:\/\/orthodoxalbania.org\/2020\/#website","url":"https:\/\/orthodoxalbania.org\/2020\/","name":"Kisha Orthodh\u03bfkse Autoqefale e Shqip\u00ebris\u00eb","description":"Fqja Zyrtare e Kish\u00ebs Orthodhokse Autoqefale e Shqip\u00ebris\u00eb me lajmet edhe informacionet zyrtare p\u00ebr struktur\u00ebn edhe veprimtarin e saj.","publisher":{"@id":"https:\/\/orthodoxalbania.org\/2020\/#organization"},"potentialAction":[{"@type":"SearchAction","target":{"@type":"EntryPoint","urlTemplate":"https:\/\/orthodoxalbania.org\/2020\/?s={search_term_string}"},"query-input":{"@type":"PropertyValueSpecification","valueRequired":true,"valueName":"search_term_string"}}],"inLanguage":"en-US"},{"@type":"Organization","@id":"https:\/\/orthodoxalbania.org\/2020\/#organization","name":"Kisha Orthodhokse Autoqefale e Shqip\u00ebris\u00eb","url":"https:\/\/orthodoxalbania.org\/2020\/","logo":{"@type":"ImageObject","inLanguage":"en-US","@id":"https:\/\/orthodoxalbania.org\/2020\/#\/schema\/logo\/image\/","url":"https:\/\/orthodoxalbania.org\/2020\/wp-content\/uploads\/2020\/05\/albania.jpeg","contentUrl":"https:\/\/orthodoxalbania.org\/2020\/wp-content\/uploads\/2020\/05\/albania.jpeg","width":540,"height":540,"caption":"Kisha Orthodhokse Autoqefale e Shqip\u00ebris\u00eb"},"image":{"@id":"https:\/\/orthodoxalbania.org\/2020\/#\/schema\/logo\/image\/"},"sameAs":["https:\/\/www.facebook.com\/koash1991"]}]}},"_links":{"self":[{"href":"https:\/\/orthodoxalbania.org\/2020\/wp-json\/wp\/v2\/pages\/55705","targetHints":{"allow":["GET"]}}],"collection":[{"href":"https:\/\/orthodoxalbania.org\/2020\/wp-json\/wp\/v2\/pages"}],"about":[{"href":"https:\/\/orthodoxalbania.org\/2020\/wp-json\/wp\/v2\/types\/page"}],"author":[{"embeddable":true,"href":"https:\/\/orthodoxalbania.org\/2020\/wp-json\/wp\/v2\/users\/7"}],"replies":[{"embeddable":true,"href":"https:\/\/orthodoxalbania.org\/2020\/wp-json\/wp\/v2\/comments?post=55705"}],"version-history":[{"count":29,"href":"https:\/\/orthodoxalbania.org\/2020\/wp-json\/wp\/v2\/pages\/55705\/revisions"}],"predecessor-version":[{"id":58272,"href":"https:\/\/orthodoxalbania.org\/2020\/wp-json\/wp\/v2\/pages\/55705\/revisions\/58272"}],"wp:attachment":[{"href":"https:\/\/orthodoxalbania.org\/2020\/wp-json\/wp\/v2\/media?parent=55705"}],"curies":[{"name":"wp","href":"https:\/\/api.w.org\/{rel}","templated":true}]}}